{"id":40,"date":"2020-08-24T12:02:21","date_gmt":"2020-08-24T12:02:21","guid":{"rendered":"http:\/\/clasicoslatinos.com\/?page_id=40"},"modified":"2023-03-15T13:00:33","modified_gmt":"2023-03-15T13:00:33","slug":"releases","status":"publish","type":"page","link":"https:\/\/clasicoslatinos.com\/index.php\/releases\/","title":{"rendered":"Releases"},"content":{"rendered":"\n<p class=\"has-medium-font-size\"><strong>Get an overview of all our releases at our <a rel=\"noreferrer noopener\" href=\"https:\/\/clasicoslatinos.bandcamp.com\/\" target=\"_blank\">Bandcamp<\/a> page.<\/strong><\/p>\n\n\n\n<h2><strong>Kevin Zabdiel &#8211; Rayo De Luz<\/strong><\/h2>\n\n\n\n<div class=\"wp-block-image\"><figure class=\"aligncenter size-large is-resized\"><img decoding=\"async\" loading=\"lazy\" src=\"http:\/\/clasicoslatinos.com\/wp-content\/uploads\/2021\/09\/CLL-017-cover-2-1024x1024.jpg\" alt=\"\" class=\"wp-image-242\" width=\"314\" height=\"314\" srcset=\"https:\/\/clasicoslatinos.com\/wp-content\/uploads\/2021\/09\/CLL-017-cover-2-1024x1024.jpg 1024w, https:\/\/clasicoslatinos.com\/wp-content\/uploads\/2021\/09\/CLL-017-cover-2-300x300.jpg 300w, https:\/\/clasicoslatinos.com\/wp-content\/uploads\/2021\/09\/CLL-017-cover-2-150x150.jpg 150w, https:\/\/clasicoslatinos.com\/wp-content\/uploads\/2021\/09\/CLL-017-cover-2-768x768.jpg 768w, https:\/\/clasicoslatinos.com\/wp-content\/uploads\/2021\/09\/CLL-017-cover-2-1536x1536.jpg 1536w, https:\/\/clasicoslatinos.com\/wp-content\/uploads\/2021\/09\/CLL-017-cover-2-2048x2048.jpg 2048w, https:\/\/clasicoslatinos.com\/wp-content\/uploads\/2021\/09\/CLL-017-cover-2-100x100.jpg 100w\" sizes=\"(max-width: 314px) 100vw, 314px\" \/><\/figure><\/div>\n\n\n\n<p>The world of the harp is full of hybridizations, exchanges and stories; the very domestication of the virgin lands of the continent, carried out by the Spaniards and Portuguese who arrived progressively in the XVI century, details the epic that this instrument, perhaps of a smaller size, had to live, in the heat, in the cold, in the humid subtropical zones, and evidently in the transoceanic trips that made possible its arrival to our Mexican and Latin American lands.Not to mention the gradual and historical contribution that new and surprising mestizo and indigenous lute players had to make to create the new harp in this part of the world.Today we are witnessing the birth of a new album that is in any case an opportunity to name new sensations and emotions also, with words perhaps common but of great meaning, as perhaps the first settlers of these lands felt when they saw and felt the wonder of the soil and landscape.<\/p>\n\n\n\n<h2><strong>Polo Tamayo -Vi\u00f1ales<\/strong><\/h2>\n\n\n\n<div class=\"wp-block-image\"><figure class=\"aligncenter size-large is-resized\"><img decoding=\"async\" loading=\"lazy\" src=\"http:\/\/clasicoslatinos.com\/wp-content\/uploads\/2021\/09\/CLL-011_Cover-1-1024x1024.jpg\" alt=\"\" class=\"wp-image-239\" width=\"313\" height=\"313\" srcset=\"https:\/\/clasicoslatinos.com\/wp-content\/uploads\/2021\/09\/CLL-011_Cover-1-1024x1024.jpg 1024w, https:\/\/clasicoslatinos.com\/wp-content\/uploads\/2021\/09\/CLL-011_Cover-1-300x300.jpg 300w, https:\/\/clasicoslatinos.com\/wp-content\/uploads\/2021\/09\/CLL-011_Cover-1-150x150.jpg 150w, https:\/\/clasicoslatinos.com\/wp-content\/uploads\/2021\/09\/CLL-011_Cover-1-768x768.jpg 768w, https:\/\/clasicoslatinos.com\/wp-content\/uploads\/2021\/09\/CLL-011_Cover-1-1536x1536.jpg 1536w, https:\/\/clasicoslatinos.com\/wp-content\/uploads\/2021\/09\/CLL-011_Cover-1-2048x2048.jpg 2048w, https:\/\/clasicoslatinos.com\/wp-content\/uploads\/2021\/09\/CLL-011_Cover-1-100x100.jpg 100w\" sizes=\"(max-width: 313px) 100vw, 313px\" \/><\/figure><\/div>\n\n\n\n<p>Best known for his work with Ritmo Oriental and then later with the Afro Cuban All Stars, <strong>Polo Tamayo<\/strong> was not only a wonderful musician but also a sweet, kind and generous person. Born in Pinar del Rio on January 26, 1934, into a musical family, <strong>Tamayo<\/strong> was educated by the town\u2019s only music teacher, clarinetist and saxophonist F\u00e9lix Benites. He played in various Cuban jazz combos before he moved to Havana where he worked with Orquesta Neno Gonz\u00e1lez, Barbarito D\u00edez, Pancho el Bravo, Siglo Veinte and others. Although <strong>Tamayo<\/strong> later joined Ritmo Oriental, the Afro Cuban All Stars and even the Buena Vista Social Club he is not very known outside of Cuba \u2013 so maybe the posthumous album \u201cVi\u00f1ales\u201d will not only be the testimony of one of the last greeat Cuban flute players but also gain him the well-deserved attention he did not get while still alive.<\/p>\n\n\n\n<h2 class=\"has-text-align-left\"><strong>NOSLEN NOEL &#8211; CON SENTIMIENTO<\/strong><\/h2>\n\n\n\n<div class=\"wp-block-image\"><figure class=\"aligncenter size-medium\"><img decoding=\"async\" loading=\"lazy\" width=\"300\" height=\"300\" src=\"http:\/\/clasicoslatinos.com\/wp-content\/uploads\/2021\/08\/NOSLEN-NOEL_cover_3000-300x300.jpg\" alt=\"\" class=\"wp-image-233\" srcset=\"https:\/\/clasicoslatinos.com\/wp-content\/uploads\/2021\/08\/NOSLEN-NOEL_cover_3000-300x300.jpg 300w, https:\/\/clasicoslatinos.com\/wp-content\/uploads\/2021\/08\/NOSLEN-NOEL_cover_3000-1024x1024.jpg 1024w, https:\/\/clasicoslatinos.com\/wp-content\/uploads\/2021\/08\/NOSLEN-NOEL_cover_3000-150x150.jpg 150w, https:\/\/clasicoslatinos.com\/wp-content\/uploads\/2021\/08\/NOSLEN-NOEL_cover_3000-768x768.jpg 768w, https:\/\/clasicoslatinos.com\/wp-content\/uploads\/2021\/08\/NOSLEN-NOEL_cover_3000-1536x1536.jpg 1536w, https:\/\/clasicoslatinos.com\/wp-content\/uploads\/2021\/08\/NOSLEN-NOEL_cover_3000-2048x2048.jpg 2048w, https:\/\/clasicoslatinos.com\/wp-content\/uploads\/2021\/08\/NOSLEN-NOEL_cover_3000-100x100.jpg 100w\" sizes=\"(max-width: 300px) 100vw, 300px\" \/><\/figure><\/div>\n\n\n\n<p>Born february 15th, 2002 in Guines (54 km south of Havana), NOEL NOSLEN is still very youngbut already has an impressive CV: at the age of 12 he started performing at the Casa de la Trova, toured as soloist in Mexico and Venezuela in 2016 and a year later (age 15) NOSLEN won the first prize in the instrumentalist category of the prestigious \u201cEduardo Saborit Competition\u201d. Actually not very surprising when you consider that NOSLEN\u2019s teachers were great Cuban lute players like NISITO, JORGE F\u00c9LIX, MARIO FRANCISCO and the famous BARBARITO TORRES. <\/p>\n\n\n\n<p>Now the time has come to present this incredible and highly promising talent to the audience outside Cuba: \u201eCon Sentimiento\u201c displays not only the instrumental and artistic virtuosity of the young musician but also his skills as a composer and arranger (the title track has been penned by NOSLEN himself). 10 tracks of classical Cuban music that everybody knows and loves from the famous BUENA VISTA SOCIAL CLUB (including IBRAHIM FERRER\u2018s classic \u201eCamino por vereda\u201c) and that transport the unmissable nostalgic and touching \u201eCuban flavour\u201c. <\/p>\n\n\n\n<p><strong>What the press says:<\/strong><\/p>\n\n\n\n<p><em>M\u00e4rkische Allgemeine Zeitung<\/em>: &#8220;Noslen beschw\u00f6rt mit seinen Beglaitern nostalgische Gef\u00fchle herauf. Errinerungen an ein Kuba wie es der Buena Vista Social Club mir seinem grandiosen Alt-Stars tat. Woeder einmal ist es dem vor zwei Jahren gegr\u00fcndeten Label Clasic\u00f3s Latinos gelungen, einen Schatz der lateinamerikanischen Musik zu heben.&#8221; <\/p>\n\n\n\n<p><em>Audio<\/em>: &#8220;Die St\u00fccke, auf traditioneller Basis oder neu komponiert, etwa von Pancho Amat, zeigen als Instrumentals Noels unerh\u00f6rte Fingerfertigkeit gepaart mit feinf\u00fchliger Intuition.&#8221;<\/p>\n\n\n\n<h2><strong>ALEJANDRO VALD\u00c9S Y PALO<\/strong> <strong>DE AGUA &#8211; CALLES DEL OLIVIO<\/strong><\/h2>\n\n\n\n<div class=\"wp-block-image\"><figure class=\"aligncenter size-medium\"><img decoding=\"async\" loading=\"lazy\" width=\"300\" height=\"300\" src=\"http:\/\/clasicoslatinos.com\/wp-content\/uploads\/2021\/08\/CLL009_Alejandro-Valdes-cover_3000-300x300.jpg\" alt=\"\" class=\"wp-image-231\" srcset=\"https:\/\/clasicoslatinos.com\/wp-content\/uploads\/2021\/08\/CLL009_Alejandro-Valdes-cover_3000-300x300.jpg 300w, https:\/\/clasicoslatinos.com\/wp-content\/uploads\/2021\/08\/CLL009_Alejandro-Valdes-cover_3000-1024x1024.jpg 1024w, https:\/\/clasicoslatinos.com\/wp-content\/uploads\/2021\/08\/CLL009_Alejandro-Valdes-cover_3000-150x150.jpg 150w, https:\/\/clasicoslatinos.com\/wp-content\/uploads\/2021\/08\/CLL009_Alejandro-Valdes-cover_3000-768x768.jpg 768w, https:\/\/clasicoslatinos.com\/wp-content\/uploads\/2021\/08\/CLL009_Alejandro-Valdes-cover_3000-1536x1536.jpg 1536w, https:\/\/clasicoslatinos.com\/wp-content\/uploads\/2021\/08\/CLL009_Alejandro-Valdes-cover_3000-2048x2048.jpg 2048w, https:\/\/clasicoslatinos.com\/wp-content\/uploads\/2021\/08\/CLL009_Alejandro-Valdes-cover_3000-100x100.jpg 100w\" sizes=\"(max-width: 300px) 100vw, 300px\" \/><\/figure><\/div>\n\n\n\n<p>ALEJANDRO VALDES (born 1988) is considered one of the best Flamenco guitar players in Cuba. As a teenager, VALDES attended courses for guitar and percussion and from 2004 onwards he was musical director of various subsequent groups before he founded PALO DE AGUA in 2016. The sextet gained the hearts of their Cuban audiences right from the start with their captivating live shows where a group of dancers joins the ensemble to give the audience a complete and unforgettable Flamenco experience. Already in their 2nd year of existence, PALO DE AGUA won the prestigious national prize \u201cCuerda Viva\u201d in the category \u201cFlamenco\u201d!<\/p>\n\n\n\n<p>It took another 2 years to record the debut album \u201cCalles del Olvido\u201d, a collection of finest tunes of what VALDES himself labels \u201cNew Flamenco of Cuba\u201d: &#8220;It is the result of what we Cubans have been developing with Flamenco for more than four generations plus all my experience as a Cuban Flamenco musician&#8221;.<\/p>\n\n\n\n<p>The rendition of the tunes reveals a high interpretative \/ artistic quality (not to mention the virtuosic musical skills of the sextet) which shows the deep interest and serious study dedicated to the material. The sound of the group is marked by the particular compositional style of VALDES and his outstanding guitar \/ singing performance, but also the richness of the instrumentation that includes a violin and even bagpipes.<\/p>\n\n\n\n<p>A splendid mixture of tradition and modernity, a stunning variety of sound and interpretation, a joyous display of energy and passion that are crucial to the Flamenco (which plays an integral role in the musical DNA of Cuba).<\/p>\n\n\n\n<div class=\"is-layout-flex wp-container-3 wp-block-columns\">\n<div class=\"is-layout-flow wp-block-column\" style=\"flex-basis:100%\">\n<div class=\"is-layout-flow wp-block-group\"><div class=\"wp-block-group__inner-container\">\n<p><strong>What the Press says: <\/strong><\/p>\n\n\n\n<p><em>Der H\u00f6rspiegel<\/em>: &#8221; Wer bei den rhythmischen kubanischen Kl\u00e4ngen die F\u00fc\u00dfe stillhalten kann, der kann nur taub sein&#8221;<\/p>\n\n\n\n<p><em>Madien Bauer Kultur<\/em>: &#8220;Nicht nur, dass der Kubaner hier voller Passion und mit gro\u00dfer Fingerfertigkeit sich dem klassischen Flamenco hingibt, seine Band baut mit Flamenco-untypischen Instrumenten wie Dudelsack oder Geige zwischendurch auch andere Klangfarben und sogar einen irisch-keltischen Touch mit in seinem selbst ernannten &#8220;New Flamenco of Cuba&#8221; ein.<\/p>\n\n\n\n<p><em>Latin-Mag<\/em>: &#8220;Vielmehr existiert hier ein \u00e4u\u00dferst beachtenswertes Talent, das mit seiner Gruppe <em>Palo De Agua <\/em>innovative Wege beschreitet&#8221;<\/p>\n<\/div><\/div>\n<\/div>\n<\/div>\n\n\n\n<p><\/p>\n\n\n\n<h2><strong>RAUL GUTIERREZ Y SUS ESTRELLAS CUBANASA &#8211; SON ELEGANTE<\/strong><\/h2>\n\n\n\n<div class=\"wp-block-image is-style-default\"><figure class=\"aligncenter size-medium\"><img decoding=\"async\" loading=\"lazy\" width=\"300\" height=\"300\" src=\"http:\/\/clasicoslatinos.com\/wp-content\/uploads\/2021\/06\/Son-Elegante_cover-1-300x300.jpg\" alt=\"\" class=\"wp-image-187\" srcset=\"https:\/\/clasicoslatinos.com\/wp-content\/uploads\/2021\/06\/Son-Elegante_cover-1-300x300.jpg 300w, https:\/\/clasicoslatinos.com\/wp-content\/uploads\/2021\/06\/Son-Elegante_cover-1-1024x1024.jpg 1024w, https:\/\/clasicoslatinos.com\/wp-content\/uploads\/2021\/06\/Son-Elegante_cover-1-150x150.jpg 150w, https:\/\/clasicoslatinos.com\/wp-content\/uploads\/2021\/06\/Son-Elegante_cover-1-768x768.jpg 768w, https:\/\/clasicoslatinos.com\/wp-content\/uploads\/2021\/06\/Son-Elegante_cover-1-570x570.jpg 570w, https:\/\/clasicoslatinos.com\/wp-content\/uploads\/2021\/06\/Son-Elegante_cover-1-380x380.jpg 380w, https:\/\/clasicoslatinos.com\/wp-content\/uploads\/2021\/06\/Son-Elegante_cover-1-285x285.jpg 285w, https:\/\/clasicoslatinos.com\/wp-content\/uploads\/2021\/06\/Son-Elegante_cover-1.jpg 1200w\" sizes=\"(max-width: 300px) 100vw, 300px\" \/><\/figure><\/div>\n\n\n\n<p><strong>RAUL GUTIERREZ Y SUS ESTRELLAS CUBANAS present finest Cuban \/ Latin standards like \u201cManteca\u201d, \u201cMambo Inn\u201d or \u201cCuban Fantasy\u201d, arranged by masters such as HORACIO GONZ\u00c1LEZ, JEFF FULLER, CHILEAN TOLY RAM\u00cdREZ or JOS\u00c9 QUINTANA.<\/strong><\/p>\n\n\n\n<p>Recorded in 2008 and so far only released in Latin America, \u201cSon Elegante\u201d presents its fine Cuban big band sound to the rest of the world now for the first time. Latin classics such as \u201cManteca\u201d (co-written by DIZZY GILLESPIE), \u201cMambo Inn\u201d,\u201cCuban Fantasy\u201d or the PEREZ PRADO composition \u201cCaballo Negro\u201d, arranged by masters such as HORACIO GONZ\u00c1LEZ, JEFF FULLER, CHILEAN TOLY RAM\u00cdREZ or JOS\u00c9 QUINTANA, bring the listener back to a golden age of big bands, to BENNY MOR\u00c9, to BEBO VALD\u00c9S\u2019 orchestra \u201cSABOR DE CUBA\u201d, to ERNESTO DUARTE and his Jazz Band at the \u201cCabaret Tropicana\u201d, as well as to P\u00c9REZ PRADO and clubs like the \u201cTropicana\u201d where they staged marvellous shows which featured fireworks, water and whatelse! \u201eSon Elegante\u201c provides a sonic voyage into nostalgia and at the same time the album manages to sound fresh and modern.<\/p>\n\n\n\n<p>Purchase your copy <a href=\"https:\/\/clasicoslatinos.bandcamp.com\/album\/son-elegante\" target=\"_blank\" rel=\"noreferrer noopener\">here<\/a>!<\/p>\n\n\n\n<p>What the press says: &#8220;<em>[&#8230;] Son Elegante revisits the golden age of Cuban big bands in ways sepia-tinted and box fresh.<\/em>&#8221; by <a rel=\"noreferrer noopener\" href=\"https:\/\/www.jazzwise.com\/review\/raul-gutierrez-y-sus-estrella-cubanas-son-elegante\" target=\"_blank\">Jazzwise<\/a><\/p>\n\n\n\n<h2><strong>RAUL GUTIERREZ AND HIS CUBAN BIG BAND &#8211; PRADO &#8230; VIVE!<\/strong><\/h2>\n\n\n\n<div class=\"wp-block-image\"><figure class=\"aligncenter size-medium\"><img decoding=\"async\" loading=\"lazy\" width=\"300\" height=\"300\" src=\"http:\/\/clasicoslatinos.com\/wp-content\/uploads\/2021\/04\/Perez-Prado_Cover-300x300.jpeg\" alt=\"\" class=\"wp-image-181\" srcset=\"https:\/\/clasicoslatinos.com\/wp-content\/uploads\/2021\/04\/Perez-Prado_Cover-300x300.jpeg 300w, https:\/\/clasicoslatinos.com\/wp-content\/uploads\/2021\/04\/Perez-Prado_Cover-1024x1024.jpeg 1024w, https:\/\/clasicoslatinos.com\/wp-content\/uploads\/2021\/04\/Perez-Prado_Cover-150x150.jpeg 150w, https:\/\/clasicoslatinos.com\/wp-content\/uploads\/2021\/04\/Perez-Prado_Cover-768x768.jpeg 768w, https:\/\/clasicoslatinos.com\/wp-content\/uploads\/2021\/04\/Perez-Prado_Cover-570x570.jpeg 570w, https:\/\/clasicoslatinos.com\/wp-content\/uploads\/2021\/04\/Perez-Prado_Cover-380x380.jpeg 380w, https:\/\/clasicoslatinos.com\/wp-content\/uploads\/2021\/04\/Perez-Prado_Cover-285x285.jpeg 285w, https:\/\/clasicoslatinos.com\/wp-content\/uploads\/2021\/04\/Perez-Prado_Cover.jpeg 1536w\" sizes=\"(max-width: 300px) 100vw, 300px\" \/><\/figure><\/div>\n\n\n\n<p><strong>RAUL GUTIERREZ AND HIS CUBAN BIG BAND present a hommage to PEREZ PRADO, the &#8220;king of mambo&#8221; and originator of international hits like &#8220;Mambo No.5&#8221;, &#8220;Patricia&#8221; or &#8220;Mambo No.8&#8221;.<\/strong><\/p>\n\n\n\n<p>On this CD, saxophonist and bandleader RAUL GUTIERREZ (IRAZU, AFRO CUBAN ALL STARS ORCHESTRA) who has a strong interest in a variety of Cuban styles, pays hommage to the king of mambo, backed by a line-up of highly skilled musicians. They recreate some of the immortal masterpieces, presented here in the versions of the arrangers Tolly Ramirez and Horacio Gonzalez, director of the orchestra of the famous night club Tropicana in Havana. This is a recording that should be listened and danced to with full focus to not miss a bit of its musical virtuosity and richness in details and nuances \u2013 a truely wothy tribute to PEREZ PRADO, &#8220;the king of mambo!<\/p>\n\n\n\n<p>Purchase your copy <a href=\"https:\/\/clasicoslatinos.bandcamp.com\/album\/prado-vive\" target=\"_blank\" rel=\"noreferrer noopener\">here<\/a>!<\/p>\n\n\n\n<p>&nbsp;Prado &#8230; Vive is part of the <a href=\"https:\/\/www.wmce.de\/\">World Music Charts Europe<\/a> of May 2021.<\/p>\n\n\n\n<h2><strong>LOS RURALES &#8211; OCOTITA<\/strong><\/h2>\n\n\n\n<div class=\"wp-block-image\"><figure class=\"aligncenter size-large is-resized\"><img decoding=\"async\" loading=\"lazy\" src=\"http:\/\/clasicoslatinos.com\/wp-content\/uploads\/2020\/08\/LOS-RURALES_cover_3000x3000-1024x1024.jpg\" alt=\"\" class=\"wp-image-47\" width=\"317\" height=\"317\" srcset=\"https:\/\/clasicoslatinos.com\/wp-content\/uploads\/2020\/08\/LOS-RURALES_cover_3000x3000-1024x1024.jpg 1024w, https:\/\/clasicoslatinos.com\/wp-content\/uploads\/2020\/08\/LOS-RURALES_cover_3000x3000-300x300.jpg 300w, https:\/\/clasicoslatinos.com\/wp-content\/uploads\/2020\/08\/LOS-RURALES_cover_3000x3000-150x150.jpg 150w, https:\/\/clasicoslatinos.com\/wp-content\/uploads\/2020\/08\/LOS-RURALES_cover_3000x3000-768x768.jpg 768w, https:\/\/clasicoslatinos.com\/wp-content\/uploads\/2020\/08\/LOS-RURALES_cover_3000x3000-1536x1536.jpg 1536w, https:\/\/clasicoslatinos.com\/wp-content\/uploads\/2020\/08\/LOS-RURALES_cover_3000x3000-2048x2048.jpg 2048w\" sizes=\"(max-width: 317px) 100vw, 317px\" \/><\/figure><\/div>\n\n\n\n<p><strong>The Mexican brass band LOS RURALES surprises with a peculiar blend of Oaxacan music and Balkan brass, feat. JESUS AGUAJE RAMOS und ROBERTO GARCIA of BUENA VISTA SOCIAL CLUB.<\/strong><\/p>\n\n\n\n<p>LOS RURALES are a Mexican band that consists of 5 Oaxacans and 1 Sinaloense who met years ago when they all studied in the Faculty of Music of the University of Veracruz. This is where the story of the sextet starts: founded as a brass quintet with 2 trumpets, a horn, a tuba and a trombone and later adding a drummer \/ percussionist, they first played in small local bars, but thanks to their high stage energy and peculiar blend of styles, the band was loved by the audiences and soon played outside their hometown and finally were catapulted onto great forums such as the opening of the exhibition &#8220;Around the world on 80 bicycles&#8221; or festivals like Festival Otras M\u00fasicas de Oaxaca or El Festival Se\u00f1or de Chalca in Chalco.&nbsp;<\/p>\n\n\n\n<p>As their name makes clear (LOS RURALES translates as &#8220;those from the countryside&#8221;),the band is aware of the importance of the rural origins for all cultures and the heritage of their own Mexican culture and tries to keep that spirit alive in its repertoire that consists of sones, waltzes, tunes and occasional cover versions of earworms like &#8220;What A Wonderful World&#8221; and &#8220;La Bamba&#8221;. And yet you&#8217;ll find elemernts of Baklan brass which gives the music of LOS RURALES its unique and peculiar character that proved a real delight for their ever growing audience!<\/p>\n\n\n\n<p>Purchase your copy <a href=\"https:\/\/clasicoslatinos.bandcamp.com\/album\/ocotita\" target=\"_blank\" rel=\"noreferrer noopener\">here!<\/a><\/p>\n\n\n\n<p><strong>What the press says:<\/strong><\/p>\n\n\n\n<p><em>Globalsounds Info<\/em>: &#8220;Los Rurales zeigen, wie facettenreich ein Bl\u00e4serquintett mit Schlagwerk klingen kann: Virtuos, grandios, famos!&#8221;<\/p>\n\n\n\n<p><em>Jazzthing<\/em>: &#8220;\u00dcberschw\u00e4ngliche Querrhythmik alterniert mit langsamen Lamentopassagen, Virtuosit\u00e4t mit Innigkeit.&#8221;<\/p>\n\n\n\n<p><em>Westzeit<\/em>: &#8220;Fette Bl\u00e4sers\u00e4tze, m\u00f6rderisch trockene Grooves und eine kleine Prise &#8220;Buena Vista&#8221; -Melancholie.&#8221;<\/p>\n\n\n\n<h2><\/h2>\n","protected":false},"excerpt":{"rendered":"<p>Get an overview of all our releases at our Bandcamp page. Kevin Zabdiel &#8211; Rayo De Luz The world of the harp is full of hybridizations, exchanges and stories; the very domestication of the virgin lands of the continent, carried out by the Spaniards and Portuguese who arrived progressively in the XVI century, details the&hellip; <a class=\"more-link\" href=\"https:\/\/clasicoslatinos.com\/index.php\/releases\/\">Continue reading <span class=\"screen-reader-text\">Releases<\/span><\/a><\/p>\n","protected":false},"author":1,"featured_media":0,"parent":0,"menu_order":0,"comment_status":"closed","ping_status":"closed","template":"","meta":[],"_links":{"self":[{"href":"https:\/\/clasicoslatinos.com\/index.php\/wp-json\/wp\/v2\/pages\/40"}],"collection":[{"href":"https:\/\/clasicoslatinos.com\/index.php\/wp-json\/wp\/v2\/pages"}],"about":[{"href":"https:\/\/clasicoslatinos.com\/index.php\/wp-json\/wp\/v2\/types\/page"}],"author":[{"embeddable":true,"href":"https:\/\/clasicoslatinos.com\/index.php\/wp-json\/wp\/v2\/users\/1"}],"replies":[{"embeddable":true,"href":"https:\/\/clasicoslatinos.com\/index.php\/wp-json\/wp\/v2\/comments?post=40"}],"version-history":[{"count":18,"href":"https:\/\/clasicoslatinos.com\/index.php\/wp-json\/wp\/v2\/pages\/40\/revisions"}],"predecessor-version":[{"id":244,"href":"https:\/\/clasicoslatinos.com\/index.php\/wp-json\/wp\/v2\/pages\/40\/revisions\/244"}],"wp:attachment":[{"href":"https:\/\/clasicoslatinos.com\/index.php\/wp-json\/wp\/v2\/media?parent=40"}],"curies":[{"name":"wp","href":"https:\/\/api.w.org\/{rel}","templated":true}]}}